{"id":667,"date":"2025-08-26T13:38:13","date_gmt":"2025-08-26T18:38:13","guid":{"rendered":"https:\/\/cartagenaforyou.com\/nosotros\/"},"modified":"2026-04-13T15:23:17","modified_gmt":"2026-04-13T20:23:17","slug":"nosotros","status":"publish","type":"page","link":"https:\/\/cartagenaforyou.com\/es\/nosotros\/","title":{"rendered":"Nosotros"},"content":{"rendered":"\t\t<div data-elementor-type=\"wp-page\" data-elementor-id=\"667\" class=\"elementor elementor-667 elementor-119\" data-elementor-post-type=\"page\">\n\t\t\t\t<div class=\"elementor-element elementor-element-aa5ed20 e-flex e-con-boxed e-con e-parent\" data-id=\"aa5ed20\" data-element_type=\"container\" data-e-type=\"container\" data-settings=\"{&quot;background_background&quot;:&quot;gradient&quot;}\">\n\t\t\t\t\t<div class=\"e-con-inner\">\n\t\t\t\t<div class=\"elementor-element elementor-element-3bce58a elementor-widget elementor-widget-heading\" data-id=\"3bce58a\" data-element_type=\"widget\" data-e-type=\"widget\" data-widget_type=\"heading.default\">\n\t\t\t\t\t<h1 class=\"elementor-heading-title elementor-size-default\">Nosotros<\/h1>\t\t\t\t<\/div>\n\t\t\t\t\t<\/div>\n\t\t\t\t<\/div>\n\t\t<div class=\"elementor-element elementor-element-0cef025 e-flex e-con-boxed e-con e-parent\" data-id=\"0cef025\" data-element_type=\"container\" data-e-type=\"container\" data-settings=\"{&quot;background_background&quot;:&quot;classic&quot;}\">\n\t\t\t\t\t<div class=\"e-con-inner\">\n\t\t\t\t<div class=\"elementor-element elementor-element-937dd39 elementor-widget__width-inherit elementor-widget elementor-widget-heading\" data-id=\"937dd39\" data-element_type=\"widget\" data-e-type=\"widget\" data-widget_type=\"heading.default\">\n\t\t\t\t\t<h2 class=\"elementor-heading-title elementor-size-default\">Somos tu conexi\u00f3n con la aut\u00e9ntica Cartagena.<\/h2>\t\t\t\t<\/div>\n\t\t\t\t\t<\/div>\n\t\t\t\t<\/div>\n\t\t<div class=\"elementor-element elementor-element-886203d e-flex e-con-boxed e-con e-parent\" data-id=\"886203d\" data-element_type=\"container\" data-e-type=\"container\">\n\t\t\t\t\t<div class=\"e-con-inner\">\n\t\t<div class=\"elementor-element elementor-element-9f7e8ff e-con-full e-flex elementor-invisible e-con e-child\" data-id=\"9f7e8ff\" data-element_type=\"container\" data-e-type=\"container\" data-settings=\"{&quot;animation&quot;:&quot;fadeInLeft&quot;}\">\n\t\t\t\t<div class=\"elementor-element elementor-element-489bae2 elementor-widget elementor-widget-image\" data-id=\"489bae2\" data-element_type=\"widget\" data-e-type=\"widget\" data-widget_type=\"image.default\">\n\t\t\t\t\t\t\t\t\t\t\t\t\t\t\t<img fetchpriority=\"high\" decoding=\"async\" width=\"1024\" height=\"577\" src=\"https:\/\/cartagenaforyou.com\/site\/wp-content\/uploads\/2025\/08\/20250903_082151-1024x577.webp\" class=\"attachment-large size-large wp-image-291\" alt=\"\" srcset=\"https:\/\/cartagenaforyou.com\/site\/wp-content\/uploads\/2025\/08\/20250903_082151-1024x577.webp 1024w, https:\/\/cartagenaforyou.com\/site\/wp-content\/uploads\/2025\/08\/20250903_082151-300x169.webp 300w, https:\/\/cartagenaforyou.com\/site\/wp-content\/uploads\/2025\/08\/20250903_082151-768x433.webp 768w, https:\/\/cartagenaforyou.com\/site\/wp-content\/uploads\/2025\/08\/20250903_082151-1536x865.webp 1536w, https:\/\/cartagenaforyou.com\/site\/wp-content\/uploads\/2025\/08\/20250903_082151-2048x1153.webp 2048w\" sizes=\"(max-width: 1024px) 100vw, 1024px\" \/>\t\t\t\t\t\t\t\t\t\t\t\t\t\t\t<\/div>\n\t\t\t\t<\/div>\n\t\t<div class=\"elementor-element elementor-element-74365ec e-con-full e-flex e-con e-child\" data-id=\"74365ec\" data-element_type=\"container\" data-e-type=\"container\">\n\t\t\t\t<div class=\"elementor-element elementor-element-f92e65f elementor-widget elementor-widget-text-editor\" data-id=\"f92e65f\" data-element_type=\"widget\" data-e-type=\"widget\" data-widget_type=\"text-editor.default\">\n\t\t\t\t\t\t\t\t\t<p>\u00a1Hola! Somos Cartagena para ti, un equipo apasionado por nuestra ciudad, su vibrante cultura y su belleza natural. Nacimos de la idea de ir m\u00e1s all\u00e1 del turismo convencional, ofreciendo experiencias que te conecten verdaderamente con la esencia del Caribe.<\/p>\t\t\t\t\t\t\t\t<\/div>\n\t\t\t\t<\/div>\n\t\t\t\t\t<\/div>\n\t\t\t\t<\/div>\n\t\t<div class=\"elementor-element elementor-element-aae77e4 e-flex e-con-boxed e-con e-parent\" data-id=\"aae77e4\" data-element_type=\"container\" data-e-type=\"container\" data-settings=\"{&quot;background_background&quot;:&quot;classic&quot;}\">\n\t\t\t\t\t<div class=\"e-con-inner\">\n\t\t<div class=\"elementor-element elementor-element-dabd892 e-con-full e-flex elementor-invisible e-con e-child\" data-id=\"dabd892\" data-element_type=\"container\" data-e-type=\"container\" data-settings=\"{&quot;animation&quot;:&quot;fadeInRight&quot;}\">\n\t\t\t\t<div class=\"elementor-element elementor-element-574b0e8 elementor-widget elementor-widget-image\" data-id=\"574b0e8\" data-element_type=\"widget\" data-e-type=\"widget\" data-widget_type=\"image.default\">\n\t\t\t\t\t\t\t\t\t\t\t\t\t\t\t<img decoding=\"async\" width=\"1024\" height=\"875\" src=\"https:\/\/cartagenaforyou.com\/site\/wp-content\/uploads\/2025\/09\/20250105_092531-1024x875.webp\" class=\"attachment-large size-large wp-image-457\" alt=\"\" srcset=\"https:\/\/cartagenaforyou.com\/site\/wp-content\/uploads\/2025\/09\/20250105_092531-1024x875.webp 1024w, https:\/\/cartagenaforyou.com\/site\/wp-content\/uploads\/2025\/09\/20250105_092531-300x256.webp 300w, https:\/\/cartagenaforyou.com\/site\/wp-content\/uploads\/2025\/09\/20250105_092531-768x656.webp 768w, https:\/\/cartagenaforyou.com\/site\/wp-content\/uploads\/2025\/09\/20250105_092531-1536x1312.webp 1536w, https:\/\/cartagenaforyou.com\/site\/wp-content\/uploads\/2025\/09\/20250105_092531-2048x1750.webp 2048w\" sizes=\"(max-width: 1024px) 100vw, 1024px\" \/>\t\t\t\t\t\t\t\t\t\t\t\t\t\t\t<\/div>\n\t\t\t\t<\/div>\n\t\t<div class=\"elementor-element elementor-element-7972455 e-con-full e-flex e-con e-child\" data-id=\"7972455\" data-element_type=\"container\" data-e-type=\"container\">\n\t\t\t\t<div class=\"elementor-element elementor-element-ff2b8ba elementor-widget elementor-widget-text-editor\" data-id=\"ff2b8ba\" data-element_type=\"widget\" data-e-type=\"widget\" data-widget_type=\"text-editor.default\">\n\t\t\t\t\t\t\t\t\t<p>Creemos que un viaje se mide en momentos y recuerdos. Por eso, cada uno de nuestros tours est\u00e1 cuidadosamente dise\u00f1ado para ser \u00fanico. Desde el transporte privado que te recoge en tu puerta hasta los gu\u00edas locales que comparten sus historias y conocimientos contigo, nos aseguramos de que cada detalle sea perfecto.<\/p>\t\t\t\t\t\t\t\t<\/div>\n\t\t\t\t<\/div>\n\t\t\t\t\t<\/div>\n\t\t\t\t<\/div>\n\t\t<div class=\"elementor-element elementor-element-a11bff5 e-flex e-con-boxed e-con e-parent\" data-id=\"a11bff5\" data-element_type=\"container\" data-e-type=\"container\">\n\t\t\t\t\t<div class=\"e-con-inner\">\n\t\t<div class=\"elementor-element elementor-element-df17ee9 e-con-full e-flex elementor-invisible e-con e-child\" data-id=\"df17ee9\" data-element_type=\"container\" data-e-type=\"container\" data-settings=\"{&quot;animation&quot;:&quot;fadeInLeft&quot;}\">\n\t\t\t\t<div class=\"elementor-element elementor-element-134242d elementor-widget elementor-widget-image\" data-id=\"134242d\" data-element_type=\"widget\" data-e-type=\"widget\" data-widget_type=\"image.default\">\n\t\t\t\t\t\t\t\t\t\t\t\t\t\t\t<img fetchpriority=\"high\" decoding=\"async\" width=\"1024\" height=\"577\" src=\"https:\/\/cartagenaforyou.com\/site\/wp-content\/uploads\/2025\/08\/20250903_082151-1024x577.webp\" class=\"attachment-large size-large wp-image-291\" alt=\"\" srcset=\"https:\/\/cartagenaforyou.com\/site\/wp-content\/uploads\/2025\/08\/20250903_082151-1024x577.webp 1024w, https:\/\/cartagenaforyou.com\/site\/wp-content\/uploads\/2025\/08\/20250903_082151-300x169.webp 300w, https:\/\/cartagenaforyou.com\/site\/wp-content\/uploads\/2025\/08\/20250903_082151-768x433.webp 768w, https:\/\/cartagenaforyou.com\/site\/wp-content\/uploads\/2025\/08\/20250903_082151-1536x865.webp 1536w, https:\/\/cartagenaforyou.com\/site\/wp-content\/uploads\/2025\/08\/20250903_082151-2048x1153.webp 2048w\" sizes=\"(max-width: 1024px) 100vw, 1024px\" \/>\t\t\t\t\t\t\t\t\t\t\t\t\t\t\t<\/div>\n\t\t\t\t<\/div>\n\t\t<div class=\"elementor-element elementor-element-8fd8b48 e-con-full e-flex e-con e-child\" data-id=\"8fd8b48\" data-element_type=\"container\" data-e-type=\"container\">\n\t\t\t\t<div class=\"elementor-element elementor-element-2d0f7eb elementor-widget elementor-widget-heading\" data-id=\"2d0f7eb\" data-element_type=\"widget\" data-e-type=\"widget\" data-widget_type=\"heading.default\">\n\t\t\t\t\t<h2 class=\"elementor-heading-title elementor-size-default\">Nuestra misi\u00f3n<\/h2>\t\t\t\t<\/div>\n\t\t\t\t<div class=\"elementor-element elementor-element-ce3a30a elementor-widget elementor-widget-text-editor\" data-id=\"ce3a30a\" data-element_type=\"widget\" data-e-type=\"widget\" data-widget_type=\"text-editor.default\">\n\t\t\t\t\t\t\t\t\t<ul><li><strong>Autenticidad: <\/strong>Para mostrarte la verdadera Cartagena, su gente y sus tradiciones.<\/li><li><strong>Calidad: <\/strong>Ofrecer un servicio de primera clase, seguro y personalizado.<\/li><li><strong>Pasi\u00f3n: <\/strong>Transmitir nuestro amor por esta tierra en cada aventura.Pasi\u00f3n: Transmitir nuestro amor por esta tierra en cada aventura.<\/li><\/ul>\t\t\t\t\t\t\t\t<\/div>\n\t\t\t\t<\/div>\n\t\t\t\t\t<\/div>\n\t\t\t\t<\/div>\n\t\t<div class=\"elementor-element elementor-element-950e83d e-flex e-con-boxed e-con e-parent\" data-id=\"950e83d\" data-element_type=\"container\" data-e-type=\"container\" data-settings=\"{&quot;background_background&quot;:&quot;classic&quot;}\">\n\t\t\t\t\t<div class=\"e-con-inner\">\n\t\t\t\t<div class=\"elementor-element elementor-element-0c38eb8 elementor-align-center elementor-widget elementor-widget-button\" data-id=\"0c38eb8\" data-element_type=\"widget\" data-e-type=\"widget\" data-widget_type=\"button.default\">\n\t\t\t\t\t\t\t\t\t\t<a class=\"elementor-button elementor-button-link elementor-size-sm\" href=\"https:\/\/wa.me\/+573137090369?text=Hola,%20solicito%20cotizar%20uno%20de%20sus%20servicios.%20%C2%A1Gracias!\" target=\"_blank\" rel=\"nofollow noopener\">\n\t\t\t\t\t\t<span class=\"elementor-button-content-wrapper\">\n\t\t\t\t\t\t<span class=\"elementor-button-icon\">\n\t\t\t\t<svg xmlns=\"http:\/\/www.w3.org\/2000\/svg\" id=\"a\" viewBox=\"0 0 512 512\"><path d=\"M505.6,255.73c0-.37-.02-.75-.06-1.12-.02-.24-.07-.48-.1-.72-.03-.22-.06-.43-.1-.65-.05-.26-.12-.51-.19-.77-.05-.19-.09-.39-.15-.58-.07-.25-.17-.48-.25-.72-.07-.2-.13-.39-.21-.59-.09-.22-.2-.44-.3-.65-.1-.2-.18-.41-.29-.6-.11-.21-.24-.4-.36-.61-.12-.2-.23-.39-.35-.58-.15-.22-.31-.43-.47-.64-.12-.16-.23-.32-.35-.47-.3-.36-.61-.71-.94-1.04l-80.52-80.52c-5.53-5.53-14.49-5.53-20.01,0-5.53,5.53-5.53,14.49,0,20.01l56.36,56.36H69.11c-5.29-11.12-16.63-18.8-29.76-18.8-18.2,0-32.95,14.75-32.95,32.95s14.75,32.95,32.95,32.95c13.13,0,24.47-7.68,29.76-18.8h388.19l-56.36,56.36c-5.53,5.53-5.53,14.49,0,20.01,2.76,2.76,6.38,4.15,10.01,4.15s7.24-1.38,10.01-4.15l80.52-80.52c.33-.33.64-.68.94-1.04.13-.16.24-.32.36-.48.16-.21.32-.41.46-.63.13-.19.24-.4.36-.59.12-.2.24-.39.35-.59.11-.2.2-.41.3-.62.1-.21.21-.42.3-.64.08-.2.15-.4.22-.6.09-.24.18-.47.25-.71.06-.19.1-.39.15-.59.06-.25.13-.5.18-.76.04-.22.07-.44.1-.66.04-.24.08-.47.1-.71.04-.37.05-.75.06-1.13,0-.09.01-.17.01-.26s-.01-.18-.01-.27Z\"><\/path><\/svg>\t\t\t<\/span>\n\t\t\t\t\t\t\t\t\t<span class=\"elementor-button-text\">\u00a1\u00danete a la aventura!<\/span>\n\t\t\t\t\t<\/span>\n\t\t\t\t\t<\/a>\n\t\t\t\t\t\t\t\t<\/div>\n\t\t\t\t\t<\/div>\n\t\t\t\t<\/div>\n\t\t\t\t<\/div>\n\t\t","protected":false},"excerpt":{"rendered":"<p>Somos tu conexi\u00f3n con la aut\u00e9ntica Cartagena. \u00a1Hola! Somos Cartagena para ti, un equipo apasionado por nuestra ciudad, su vibrante cultura y su belleza natural. Nacimos de la idea de ir m\u00e1s all\u00e1 del turismo convencional, ofreciendo experiencias que te conecten verdaderamente con la esencia del Caribe. Creemos que un viaje se mide en momentos [&hellip;]<\/p>\n","protected":false},"author":1,"featured_media":301,"parent":0,"menu_order":0,"comment_status":"closed","ping_status":"closed","template":"","meta":{"footnotes":""},"class_list":["post-667","page","type-page","status-publish","has-post-thumbnail","hentry"],"_links":{"self":[{"href":"https:\/\/cartagenaforyou.com\/es\/wp-json\/wp\/v2\/pages\/667","targetHints":{"allow":["GET"]}}],"collection":[{"href":"https:\/\/cartagenaforyou.com\/es\/wp-json\/wp\/v2\/pages"}],"about":[{"href":"https:\/\/cartagenaforyou.com\/es\/wp-json\/wp\/v2\/types\/page"}],"author":[{"embeddable":true,"href":"https:\/\/cartagenaforyou.com\/es\/wp-json\/wp\/v2\/users\/1"}],"replies":[{"embeddable":true,"href":"https:\/\/cartagenaforyou.com\/es\/wp-json\/wp\/v2\/comments?post=667"}],"version-history":[{"count":2,"href":"https:\/\/cartagenaforyou.com\/es\/wp-json\/wp\/v2\/pages\/667\/revisions"}],"predecessor-version":[{"id":672,"href":"https:\/\/cartagenaforyou.com\/es\/wp-json\/wp\/v2\/pages\/667\/revisions\/672"}],"wp:featuredmedia":[{"embeddable":true,"href":"https:\/\/cartagenaforyou.com\/es\/wp-json\/wp\/v2\/media\/301"}],"wp:attachment":[{"href":"https:\/\/cartagenaforyou.com\/es\/wp-json\/wp\/v2\/media?parent=667"}],"curies":[{"name":"wp","href":"https:\/\/api.w.org\/{rel}","templated":true}]}}